{"id":971,"date":"2015-05-26T18:37:40","date_gmt":"2015-05-26T16:37:40","guid":{"rendered":"http:\/\/www.nicolavini.com\/2017\/?page_id=971"},"modified":"2015-05-26T18:37:40","modified_gmt":"2015-05-26T16:37:40","slug":"utilizzo-dei-cookie","status":"publish","type":"page","link":"https:\/\/www.cantinanicola.com\/en\/utilizzo-dei-cookie\/","title":{"rendered":"Utilizzo dei cookie"},"content":{"rendered":"<h3>Privacy Policy<\/h3>\n<p>Di seguito sono riportate alcune informazioni riguardanti il l&#8217;utilizzo dei cookie effettuato dal sito.<br \/>\n&nbsp;<\/p>\n<h3>Cosa si intende quando si parla di cookie?<\/h3>\n<p>I cookie sono piccoli file di testo che i siti visitati dall&#8217;utente inviano al suo terminale (solitamente al browser), dove vengono memorizzati per essere poi ritrasmessi agli stessi siti alla successiva visita del medesimo utente. Nel corso della navigazione su un sito, l&#8217;utente pu\u00f2 ricevere sul suo terminale anche cookie di siti o di web server diversi (c.d. cookie di &#8220;terze parti&#8221;); ci\u00f2 accade perch\u00e9 sul sito web visitato possono essere presenti elementi come, ad esempio, immagini, mappe, suoni, specifici link a pagine web di altri domini che risiedono su server diversi da quello sul quale si trova la pagina richiesta. In altre parole, sono quei cookie che vengono impostati da un sito web diverso da quello che si sta attualmente visitando.<br \/>\nI cookie sono usati per eseguire autenticazioni informatiche, monitoraggio di sessioni e memorizzazione di informazioni specifiche riguardanti gli utenti che accedono al server e di norma sono presenti nel browser di ciascun utente in numero molto elevato.<br \/>\nAlcune operazioni non potrebbero essere compiute senza l&#8217;uso dei cookie, che in alcuni casi sono quindi tecnicamente necessari: a titolo esemplificativo, l&#8217;accesso alla propria pagina persona e le attivit\u00e0 che possono essere svolte sul proprio account online (visualizzazione dei propri dati, immagini e contenuti condivisi ecc.) sarebbero molto pi\u00f9 complesse da svolgere e meno sicure senza la presenza di cookie che consentono di identificare l&#8217;utente e mantenerne l&#8217;identificazione nell&#8217;ambito della sessione.<br \/>\nI cookie possono rimanere nel sistema anche per lunghi periodi e possono contenere anche un codice identificativo unico. Ci\u00f2 consente ai siti che li utilizzano di tenere traccia della navigazione dell&#8217;utente all&#8217;interno del sito stesso, per finalit\u00e0 statistiche o pubblicitarie, per creare cio\u00e8 un profilo personalizzato dell&#8217;utente a partire dalle pagine che lo stesso ha visitato e mostrargli quindi pubblicit\u00e0 mirate (c.d. Behavioural Advertising).<br \/>\nVisitando il sito con il browser impostato in modalit\u00e0 \u201caccetto i cookie\u201d, o utilizzando i dispositivi, le applicazioni mobili o altri software, indichi di voler utilizzare i prodotti e i servizi ed acconsenti all&#8217;utilizzo dei cookie e di altre tecnologie necessarie per visualizzarli, come descritto in questa informativa. La sezione seguente spiega come modificare le impostazioni del tuo browser in modo che tu possa essere avvisato quando ricevi un nuovo cookie o per consentirti di disabilitare i cookie.<br \/>\n&nbsp;<\/p>\n<h3>I cookie e loro utilizzo<strong><br \/>\n<\/strong><\/h3>\n<p>I cookie sono identificatori che vengono trasferiti sul tuo dispositivo al fine di consentire ai nostri sistemi di riconoscere il tuo dispositivo e per offrirti alcune funzionalit\u00e0, la pre-compilazione di form, la pubblicit\u00e0 definita in base ai tuoi interessi su altri siti internet.<br \/>\nUtilizziamo i cookie anche per altri scopi, tra cui:<br \/>\nIdentificarti quando effettui il login sui nostri siti<br \/>\nFornirti contenuti, inclusa pubblicit\u00e0, pertinenti ai tuoi interessi sui nostri siti e su quelli di terzi.<br \/>\nLa pubblicit\u00e0 definita in base ai tuoi interessi \u00e8 soggetta alle tue preferenze, come descritto nella sezione successiva.<br \/>\nTenere traccia delle preferenze da te indicate. In questo modo possiamo rispettare le tue preferenze, per esempio in relazione alla visualizzazione della pubblicit\u00e0 basata sugli interessi.<br \/>\nCondurre ricerche e analisi per migliorare il contenuto, i prodotti ed i servizi.<br \/>\nPrevenire attivit\u00e0 fraudolente.<br \/>\nMigliorare la sicurezza.<br \/>\nI cookie ti consentono di trarre vantaggio da alcune delle funzionalit\u00e0 essenziali. \u00c8 tuttavia possibile bloccare o rifiutare i nostri cookie, ma la navigazione potrebbe non risultare ottimale.<\/p>\n<h3><\/h3>\n<p>&nbsp;<\/p>\n<h3>I cookie e le impostazioni del browser<\/h3>\n<p>La funzionalit\u00e0 Aiuto della maggior parte dei browser ti indicher\u00e0 come impedire che il browser accetti nuovi cookie, come fare in modo che il browser ti avverta quando ricevi un nuovo cookie e come poter disabilitare del tutto i cookie. Inoltre, puoi disabilitare o eliminare dati simili utilizzati dai componenti aggiuntivi del browser, quali i cookie Flash, cambiando le impostazioni del componente aggiuntivo o visitando il sito web del relativo produttore.<\/p>","protected":false},"excerpt":{"rendered":"<p>Privacy Policy Di seguito sono riportate alcune informazioni riguardanti il l&#8217;utilizzo dei cookie effettuato dal sito. &nbsp; Cosa si intende quando si parla di cookie? I cookie sono piccoli file<\/p>","protected":false},"author":31,"featured_media":0,"parent":0,"menu_order":0,"comment_status":"open","ping_status":"open","template":"","meta":[],"_links":{"self":[{"href":"https:\/\/www.cantinanicola.com\/en\/wp-json\/wp\/v2\/pages\/971"}],"collection":[{"href":"https:\/\/www.cantinanicola.com\/en\/wp-json\/wp\/v2\/pages"}],"about":[{"href":"https:\/\/www.cantinanicola.com\/en\/wp-json\/wp\/v2\/types\/page"}],"author":[{"embeddable":true,"href":"https:\/\/www.cantinanicola.com\/en\/wp-json\/wp\/v2\/users\/31"}],"replies":[{"embeddable":true,"href":"https:\/\/www.cantinanicola.com\/en\/wp-json\/wp\/v2\/comments?post=971"}],"version-history":[{"count":0,"href":"https:\/\/www.cantinanicola.com\/en\/wp-json\/wp\/v2\/pages\/971\/revisions"}],"wp:attachment":[{"href":"https:\/\/www.cantinanicola.com\/en\/wp-json\/wp\/v2\/media?parent=971"}],"curies":[{"name":"wp","href":"https:\/\/api.w.org\/{rel}","templated":true}]}}